{"id":142,"date":"2017-09-29T12:23:10","date_gmt":"2017-09-29T12:23:10","guid":{"rendered":"http:\/\/michael.deligant.fr\/?page_id=142"},"modified":"2023-04-06T06:33:55","modified_gmt":"2023-04-06T06:33:55","slug":"activites-denseignement","status":"publish","type":"page","link":"https:\/\/michael.deligant.fr\/index.php\/activites-denseignement\/","title":{"rendered":"Activit\u00e9s d&#8217;enseignement"},"content":{"rendered":"<h3>Arts et M\u00e9tiers Sciences et Technologies\u00a0 (ENSAM)<\/h3>\n<hr \/>\n<h4>Parcours Grande Ecole<\/h4>\n<h5>2\u00e8me ann\u00e9e<\/h5>\n<ul>\n<li>Cas d&#8217;\u00e9tudes Mobilit\u00e9 hydrog\u00e8ne : focus sur le compresseur d&#8217;air de la pille \u00e0 combustible<\/li>\n<\/ul>\n<p><img loading=\"lazy\" decoding=\"async\" class=\"alignnone  wp-image-222\" src=\"https:\/\/michael.deligant.fr\/wp-content\/uploads\/2023\/04\/uei-1-300x112.png\" alt=\"\" width=\"629\" height=\"235\" srcset=\"https:\/\/michael.deligant.fr\/wp-content\/uploads\/2023\/04\/uei-1-300x112.png 300w, https:\/\/michael.deligant.fr\/wp-content\/uploads\/2023\/04\/uei-1-1024x382.png 1024w, https:\/\/michael.deligant.fr\/wp-content\/uploads\/2023\/04\/uei-1-768x287.png 768w, https:\/\/michael.deligant.fr\/wp-content\/uploads\/2023\/04\/uei-1-1536x574.png 1536w, https:\/\/michael.deligant.fr\/wp-content\/uploads\/2023\/04\/uei-1.png 2008w\" sizes=\"(max-width: 629px) 100vw, 629px\" \/><\/p>\n<h5>3\u00e8me ann\u00e9e<\/h5>\n<ul>\n<li>Mod\u00e9lisation des syst\u00e8mes \u00e9nerg\u00e9tiques\n<ul>\n<li>Applications\/projets : Stockage d&#8217;\u00e9nergie par air comprim\u00e9 (CAES), turbine \u00e0 gaz (TAG), accumulateur hydropneumatique<\/li>\n<li>Approche acausal utilisant le langage MODELICA<\/li>\n<\/ul>\n<\/li>\n<\/ul>\n<h5>Master recherche \u00c9nergie Environnement, parcours Ing\u00e9nierie des Machines \u00e0 Conversion d&#8217;Energie (MR-EE-IMCE)<\/h5>\n<ul>\n<li>Syst\u00e8mes \u00e9nerg\u00e9tiques \u00e9conomisant les ressources naturelles, projet d&#8217;initiation \u00e0 la recherche\n<ul>\n<li>D\u00e9couverte des outils : latex, beamer, python, plot digitizer<\/li>\n<li>M\u00e9thodologie de recherche bibliographique : sources et analyse critique, bibliom\u00e9trie, outils de gestion bibliographique<\/li>\n<li>Projet : rapport et pr\u00e9sentation sur un sujet de recherche d\u00e9fini par une probl\u00e9matique \u00e0 partir d&#8217;un th\u00e8me g\u00e9n\u00e9ral, analyse et pr\u00e9sentation de 3 \u00e0 5 articles de recherche sur le sujet<\/li>\n<\/ul>\n<\/li>\n<\/ul>\n<h3>Sorbonne Universit\u00e9 (SU)<\/h3>\n<h4>Master recherche \u00c9nergie Environnement<\/h4>\n<ul>\n<li>Simulation num\u00e9rique pour l\u2019ing\u00e9nierie \u00e9nerg\u00e9tique\n<ul>\n<li>Analyse du cycle de Rankine en fluide organique (ORC)<\/li>\n<li>Recherche d&#8217;un point de fonctionnement pour diff\u00e9rents fluides par similitude<\/li>\n<li>Simulation num\u00e9rique CFD d&#8217;une turbine radiale ORC en gaz r\u00e9el<\/li>\n<\/ul>\n<\/li>\n<\/ul>\n","protected":false},"excerpt":{"rendered":"<p>Arts et M\u00e9tiers Sciences et Technologies\u00a0 (ENSAM) Parcours Grande Ecole 2\u00e8me ann\u00e9e Cas d&#8217;\u00e9tudes Mobilit\u00e9 hydrog\u00e8ne : focus sur le compresseur d&#8217;air de la pille \u00e0 combustible 3\u00e8me ann\u00e9e Mod\u00e9lisation des syst\u00e8mes \u00e9nerg\u00e9tiques Applications\/projets : Stockage d&#8217;\u00e9nergie par air comprim\u00e9 (CAES), turbine \u00e0 gaz (TAG), accumulateur hydropneumatique Approche acausal utilisant le langage MODELICA Master recherche [&hellip;]<\/p>\n","protected":false},"author":1,"featured_media":0,"parent":0,"menu_order":0,"comment_status":"closed","ping_status":"closed","template":"","meta":{"footnotes":""},"class_list":["post-142","page","type-page","status-publish","hentry"],"_links":{"self":[{"href":"https:\/\/michael.deligant.fr\/index.php\/wp-json\/wp\/v2\/pages\/142"}],"collection":[{"href":"https:\/\/michael.deligant.fr\/index.php\/wp-json\/wp\/v2\/pages"}],"about":[{"href":"https:\/\/michael.deligant.fr\/index.php\/wp-json\/wp\/v2\/types\/page"}],"author":[{"embeddable":true,"href":"https:\/\/michael.deligant.fr\/index.php\/wp-json\/wp\/v2\/users\/1"}],"replies":[{"embeddable":true,"href":"https:\/\/michael.deligant.fr\/index.php\/wp-json\/wp\/v2\/comments?post=142"}],"version-history":[{"count":21,"href":"https:\/\/michael.deligant.fr\/index.php\/wp-json\/wp\/v2\/pages\/142\/revisions"}],"predecessor-version":[{"id":234,"href":"https:\/\/michael.deligant.fr\/index.php\/wp-json\/wp\/v2\/pages\/142\/revisions\/234"}],"wp:attachment":[{"href":"https:\/\/michael.deligant.fr\/index.php\/wp-json\/wp\/v2\/media?parent=142"}],"curies":[{"name":"wp","href":"https:\/\/api.w.org\/{rel}","templated":true}]}}