{"id":158,"date":"2017-09-29T13:19:22","date_gmt":"2017-09-29T13:19:22","guid":{"rendered":"http:\/\/michael.deligant.fr\/?page_id=158"},"modified":"2024-11-05T17:26:36","modified_gmt":"2024-11-05T17:26:36","slug":"presentation-2","status":"publish","type":"page","link":"https:\/\/michael.deligant.fr\/","title":{"rendered":"Pr\u00e9sentation"},"content":{"rendered":"<p>Professeur des Universit\u00e9s \u00e0 <a href=\"https:\/\/artsetmetiers.fr\/\">Arts et M\u00e9tiers Sciences et Technologies<\/a> (ENSAM Paris), je travaille au <a href=\"https:\/\/lifse.artsetmetiers.fr\/\">Laboratoire d&#8217;Ing\u00e9nierie des Fluides et des Syst\u00e8mes Energ\u00e9tiques (LIFSE)<\/a>.<\/p>\n<p>Mes activit\u00e9s de recherche concernent le d\u00e9veloppement d&#8217;outils num\u00e9riques et d&#8217;outils exp\u00e9rimentaux afin d&#8217;am\u00e9liorer la compr\u00e9hension des \u00e9coulements internes dans les composants des syst\u00e8mes \u00e9nerg\u00e9tiques.<\/p>\n<p>Je participe tr\u00e8s activement au d\u00e9veloppement du code de calcul du laboratoire CFDkit. Il s&#8217;agit d&#8217;un code de calcul volumes finis, non structur\u00e9s, d&#8217;ordre \u00e9lev\u00e9 utilisant une reconstruction par moindres carr\u00e9s mobiles. Les d\u00e9veloppements en cours concernent les m\u00e9thodes &#8220;sliding mesh&#8221; pour la simulation d&#8217;\u00e9coulements dans les turbomachines ainsi que la mod\u00e9lisation des \u00e9coulements di-phasiques compressibles avec \u00e9bullition\/condensation et couplage thermique fluide\/structure.<\/p>\n<p>Mes activit\u00e9s exp\u00e9rimentales concernent le d\u00e9veloppement de compresseurs \u00e0 tr\u00e8s haute pression avec intensification des \u00e9changes thermiques, l&#8217;\u00e9tude\u00a0des performances des compresseurs centrifuges et leur stabilit\u00e9 \u00e0 bas d\u00e9bit ainsi que l&#8217;analyse des performances des turbines radiales utilis\u00e9es dans les cycles de Rankine en fluide organique.<\/p>\n","protected":false},"excerpt":{"rendered":"<p>Professeur des Universit\u00e9s \u00e0 Arts et M\u00e9tiers Sciences et Technologies (ENSAM Paris), je travaille au Laboratoire d&#8217;Ing\u00e9nierie des Fluides et des Syst\u00e8mes Energ\u00e9tiques (LIFSE). Mes activit\u00e9s de recherche concernent le d\u00e9veloppement d&#8217;outils num\u00e9riques et d&#8217;outils exp\u00e9rimentaux afin d&#8217;am\u00e9liorer la compr\u00e9hension des \u00e9coulements internes dans les composants des syst\u00e8mes \u00e9nerg\u00e9tiques. Je participe tr\u00e8s activement au d\u00e9veloppement [&hellip;]<\/p>\n","protected":false},"author":1,"featured_media":0,"parent":0,"menu_order":0,"comment_status":"closed","ping_status":"closed","template":"","meta":{"footnotes":""},"class_list":["post-158","page","type-page","status-publish","hentry"],"_links":{"self":[{"href":"https:\/\/michael.deligant.fr\/index.php\/wp-json\/wp\/v2\/pages\/158"}],"collection":[{"href":"https:\/\/michael.deligant.fr\/index.php\/wp-json\/wp\/v2\/pages"}],"about":[{"href":"https:\/\/michael.deligant.fr\/index.php\/wp-json\/wp\/v2\/types\/page"}],"author":[{"embeddable":true,"href":"https:\/\/michael.deligant.fr\/index.php\/wp-json\/wp\/v2\/users\/1"}],"replies":[{"embeddable":true,"href":"https:\/\/michael.deligant.fr\/index.php\/wp-json\/wp\/v2\/comments?post=158"}],"version-history":[{"count":13,"href":"https:\/\/michael.deligant.fr\/index.php\/wp-json\/wp\/v2\/pages\/158\/revisions"}],"predecessor-version":[{"id":262,"href":"https:\/\/michael.deligant.fr\/index.php\/wp-json\/wp\/v2\/pages\/158\/revisions\/262"}],"wp:attachment":[{"href":"https:\/\/michael.deligant.fr\/index.php\/wp-json\/wp\/v2\/media?parent=158"}],"curies":[{"name":"wp","href":"https:\/\/api.w.org\/{rel}","templated":true}]}}