{"id":248,"date":"2023-04-06T06:58:55","date_gmt":"2023-04-06T06:58:55","guid":{"rendered":"https:\/\/michael.deligant.fr\/?page_id=248"},"modified":"2023-04-06T06:58:56","modified_gmt":"2023-04-06T06:58:56","slug":"activites-de-recherche","status":"publish","type":"page","link":"https:\/\/michael.deligant.fr\/index.php\/activites-de-recherche\/","title":{"rendered":"Activit\u00e9s de recherche"},"content":{"rendered":"\n<ul class=\"wp-block-list\">\n<li>Turbomachines : design, pr\u00e9diction des performance, stabilit\u00e9, optimisation\n<ul class=\"wp-block-list\">\n<li>Turbine radiale, notamment pour les cycles de Rankine \u00e0 fluides organique (ORC)<\/li>\n\n\n\n<li>Compresseurs centrifuges : stabilit\u00e9<\/li>\n\n\n\n<li>Compresseur contrarotatifs<\/li>\n<\/ul>\n<\/li>\n\n\n\n<li>Simulation num\u00e9rique en m\u00e9canique des fluides (CFD)\n<ul class=\"wp-block-list\">\n<li>\u00c9coulements diphasiques avec transfert de masse et d&#8217;\u00e9nergie<\/li>\n\n\n\n<li>\u00c9coulements compressibles de gaz non id\u00e9aux<\/li>\n<\/ul>\n<\/li>\n\n\n\n<li>Syst\u00e8mes \u00e9nerg\u00e9tiques\n<ul class=\"wp-block-list\">\n<li>Mod\u00e9lisation des composants par une approche syst\u00e8me acausal (MODELICA)<\/li>\n\n\n\n<li>Interactions composants<\/li>\n\n\n\n<li>Transitoires et dynamiques<\/li>\n<\/ul>\n<\/li>\n\n\n\n<li>Optimisation\n<ul class=\"wp-block-list\">\n<li>meta heuristic<\/li>\n\n\n\n<li>multi objectifs<\/li>\n<\/ul>\n<\/li>\n<\/ul>\n","protected":false},"excerpt":{"rendered":"","protected":false},"author":1,"featured_media":0,"parent":0,"menu_order":0,"comment_status":"closed","ping_status":"closed","template":"","meta":{"footnotes":""},"class_list":["post-248","page","type-page","status-publish","hentry"],"_links":{"self":[{"href":"https:\/\/michael.deligant.fr\/index.php\/wp-json\/wp\/v2\/pages\/248"}],"collection":[{"href":"https:\/\/michael.deligant.fr\/index.php\/wp-json\/wp\/v2\/pages"}],"about":[{"href":"https:\/\/michael.deligant.fr\/index.php\/wp-json\/wp\/v2\/types\/page"}],"author":[{"embeddable":true,"href":"https:\/\/michael.deligant.fr\/index.php\/wp-json\/wp\/v2\/users\/1"}],"replies":[{"embeddable":true,"href":"https:\/\/michael.deligant.fr\/index.php\/wp-json\/wp\/v2\/comments?post=248"}],"version-history":[{"count":1,"href":"https:\/\/michael.deligant.fr\/index.php\/wp-json\/wp\/v2\/pages\/248\/revisions"}],"predecessor-version":[{"id":249,"href":"https:\/\/michael.deligant.fr\/index.php\/wp-json\/wp\/v2\/pages\/248\/revisions\/249"}],"wp:attachment":[{"href":"https:\/\/michael.deligant.fr\/index.php\/wp-json\/wp\/v2\/media?parent=248"}],"curies":[{"name":"wp","href":"https:\/\/api.w.org\/{rel}","templated":true}]}}