{"id":8,"date":"2016-11-04T23:17:13","date_gmt":"2016-11-04T23:17:13","guid":{"rendered":"http:\/\/michael.deligant.fr\/wordpress_site_perso\/?page_id=8"},"modified":"2024-11-05T17:23:11","modified_gmt":"2024-11-05T17:23:11","slug":"8-2","status":"publish","type":"page","link":"https:\/\/michael.deligant.fr\/index.php\/en\/8-2\/","title":{"rendered":"Curriculum Vitae"},"content":{"rendered":"<p><strong>Professional address:<\/strong><br \/>\nArts et M\u00e9tiers Institute of Technology<br \/>\nLaboratoire d&#8217;Ing\u00e9nierie des Fluides et des Syst\u00e8mes Energ\u00e9tiques<br \/>\n151, boulevard de l\u2019H\u00f4pital<br \/>\n75013 Paris, France<\/p>\n<p>Phone : +33 1 44 24 63 45<br \/>\nEmail : michael.deligant at ensam.eu<br \/>\nDynFluid Lab. website: <a href=\"https:\/\/lifse.artsetmetiers.fr\/\">https:\/\/lifse.artsetmetiers.fr\/<\/a><br \/>\n<a href=\"https:\/\/www.researchgate.net\/profile\/Michael_Deligant\" target=\"_blank\" rel=\"noopener noreferrer\"><img loading=\"lazy\" decoding=\"async\" class=\"alignnone\" src=\"https:\/\/www.researchgate.net\/favicon.ico\" alt=\"\" width=\"35\" height=\"35\" \/><\/a><a href=\"https:\/\/fr.linkedin.com\/in\/michael-deligant-2a4b8969\" target=\"_blank\" rel=\"noopener noreferrer\"><img loading=\"lazy\" decoding=\"async\" class=\"alignnone\" src=\"https:\/\/content.linkedin.com\/content\/dam\/brand\/site\/img\/logo\/logo-tm.png\" alt=\"\" width=\"152\" height=\"35\" \/><\/a><\/p>\n<h3><strong>Employment History<\/strong><\/h3>\n<ul>\n<li>Since 2024: Full Professor at <a href=\"https:\/\/www.artsetmetiers.fr\/en\">Arts et M\u00e9tiers Institute of Technology<\/a>, Paris, France.<\/li>\n<li>2012-2024: Associate Professor at <a href=\"https:\/\/www.artsetmetiers.fr\/en\">Arts et M\u00e9tiers Institute of Technology<\/a>, Paris, France.<\/li>\n<li>2011-2012: Postdoctoral researcher at Conservatoire national des arts et m\u00e9tiers, Paris, France<\/li>\n<li>2008-2011: Doctoral researcher at Conservatoire national des arts et m\u00e9tiers, Paris, France<\/li>\n<li>2007-2008: Computer engineering consultant, TALAN SAS, Paris, France<\/li>\n<\/ul>\n<h3><strong>Administrative responsibilities<\/strong><\/h3>\n<ul>\n<li>Since 2019: In charge of the scientific theme &#8220;Energy systems and thermal management&#8221; at LIFSE lab<\/li>\n<li>Since 2021: chair, Master of Science concentration \u201cEngineering of energy conversion machines\u201d<\/li>\n<li>Since 2018: Chair, engineering specialization \u201cLow carbon energy and efficient energy systems\u201d<\/li>\n<li>Since 2022: Coordinator for international relations with the Australia and New Zealand<\/li>\n<li>2014-2022: Coordinator for international relations with the USA<\/li>\n<\/ul>\n<h3><strong>Education<\/strong><\/h3>\n<ul>\n<li>2021: Habilitation \u00e0 Diriger des Recherches, Sorbonne University<\/li>\n<li>2008-2011: PhD in Energetics Engineering from University Pierre et Marie Curie (UPMC, Paris)<\/li>\n<li>2006-2007: Master of science in Energy conversion from University Pierre et Marie Curie (UPMC, Paris)<\/li>\n<li>2004-2007: Engineering title in mechanical engineering from Arts et M\u00e9tiers ParisTech<\/li>\n<li>2002-2004: Intensive scientific preparation in \u201cClasses pr\u00e9paratoires aux grandes \u00e9coles\u201d (CPGE)<\/li>\n<\/ul>\n","protected":false},"excerpt":{"rendered":"<p>Professional address: Arts et M\u00e9tiers Institute of Technology Laboratoire d&#8217;Ing\u00e9nierie des Fluides et des Syst\u00e8mes Energ\u00e9tiques 151, boulevard de l\u2019H\u00f4pital 75013 Paris, France Phone : +33 1 44 24 63 45 Email : michael.deligant at ensam.eu DynFluid Lab. website: https:\/\/lifse.artsetmetiers.fr\/ Employment History Since 2024: Full Professor at Arts et M\u00e9tiers Institute of Technology, Paris, France. [&hellip;]<\/p>\n","protected":false},"author":1,"featured_media":0,"parent":0,"menu_order":0,"comment_status":"closed","ping_status":"closed","template":"","meta":{"footnotes":""},"class_list":["post-8","page","type-page","status-publish","hentry"],"_links":{"self":[{"href":"https:\/\/michael.deligant.fr\/index.php\/wp-json\/wp\/v2\/pages\/8"}],"collection":[{"href":"https:\/\/michael.deligant.fr\/index.php\/wp-json\/wp\/v2\/pages"}],"about":[{"href":"https:\/\/michael.deligant.fr\/index.php\/wp-json\/wp\/v2\/types\/page"}],"author":[{"embeddable":true,"href":"https:\/\/michael.deligant.fr\/index.php\/wp-json\/wp\/v2\/users\/1"}],"replies":[{"embeddable":true,"href":"https:\/\/michael.deligant.fr\/index.php\/wp-json\/wp\/v2\/comments?post=8"}],"version-history":[{"count":11,"href":"https:\/\/michael.deligant.fr\/index.php\/wp-json\/wp\/v2\/pages\/8\/revisions"}],"predecessor-version":[{"id":258,"href":"https:\/\/michael.deligant.fr\/index.php\/wp-json\/wp\/v2\/pages\/8\/revisions\/258"}],"wp:attachment":[{"href":"https:\/\/michael.deligant.fr\/index.php\/wp-json\/wp\/v2\/media?parent=8"}],"curies":[{"name":"wp","href":"https:\/\/api.w.org\/{rel}","templated":true}]}}